{"id":8243,"date":"2025-04-01T22:10:53","date_gmt":"2025-04-01T20:10:53","guid":{"rendered":"https:\/\/www.figestcalciobalilla.it\/?page_id=8243"},"modified":"2025-04-22T22:50:14","modified_gmt":"2025-04-22T20:50:14","slug":"il-calcio-balilla-in-italia-e-nel-mondo","status":"publish","type":"page","link":"https:\/\/www.figestcalciobalilla.it\/?page_id=8243","title":{"rendered":"FIGEST CALCIOBALILLA\u00a0 \u2013 IL PERCORSO DI SPECIALITA\u2019 &#8220;IL CALCIO BALILLA IN ITALIA&#8221;"},"content":{"rendered":"\n<figure class=\"wp-block-image size-full is-resized\"><img loading=\"lazy\" decoding=\"async\" width=\"121\" height=\"115\" src=\"https:\/\/www.figestcalciobalilla.it\/wp-content\/uploads\/2025\/03\/cropped-cropped-calciobalilla-mon-1-1-e1743521459105.png\" alt=\"\" class=\"wp-image-7965\" style=\"width:190px;height:auto\"\/><\/figure>\n\n\n\n<p class=\"has-text-align-left has-medium-font-size\"><strong>A<\/strong> fine marzo 2019, Il Presidente Casadidio, preso atto della volont\u00e0 dei diversi interessati all\u2019apertura e al riconoscimento del settore, ha incassato il parere favorevole e la fiducia, da parte del Presidente del Coni Giovanni Malag\u00f2, per iniziare ufficialmente un percorso di riconoscimento sportivo per regolarizzare il gioco del calciobalilla.<\/p>\n\n\n\n<p>Una data importantissima per la storia sportiva del calciobalilla \u00e8 il 29 agosto 2019. In questa data, al Palazzo H del Coni, si sono incontrati il Presidente FIGEST Enzo Casadidio, Il Presidente ITSF Farid Lounas e il Presidente LICB Nicola Colacicco ed \u00e8 iniziato ufficialmente l\u2019iter di riconoscimento Internazionale della FIGEST.<\/p>\n\n\n\n<p>Come tutte le attivit\u00e0 sportive e sociali, anche l\u2019obiettivo del riconoscimento sportivo ha subito un forte rallentamento e in alcuni frangenti un vero stop forzato per causa del Covid-19; dopo diversi annullamenti di appuntamenti e riunioni, il Presidente CONI Giovanni Malag\u00f2 ha indetto, per il 23 Settembre 2020, una conference call alla quale hanno partecipato Il Presidente FIGEST Enzo Casadidio, Il Presidente ITSF Farid Lounas e il Presidente LICB Nicola Colacicco. Nella interessante e distesa conversazione il CONI, attraverso il Suo Presidente richiede ufficialmente il riconoscimento e affiliazione della FIGEST a ITSF.<\/p>\n\n\n\n<p class=\"has-text-align-left has-medium-font-size\">Il 19 ottobre 2020, per la FIGEST \u00e8 arrivato l\u2019importantissimo riconoscimento ITSF, e il 12 dicembre 2021, in occasione nell\u2019assemblea generale elettiva FIGEST per il quadriennio Olimpico 2021 2024, il calciobalilla inteso come specialit\u00e0, \u00e8 stato inserito ufficialmente nello statuto.<\/p>\n\n\n\n<p class=\"has-text-align-center\"><strong>CALCIO BALILLA E I BENEFICI<\/strong><\/p>\n\n\n\n<p class=\"has-text-align-left\">Negli ultimi anni, diverse sono le aziende e le scuole che hanno creato al loro interno delle vere aree ludiche e il calciobalilla spesso \u00e8 il protagonista indiscusso e diventa lo \u00abstadio\u00bb per veri campionati interni.Diversi sono i dirigenti scolastici che hanno acconsentito alle diverse iniziative di coinvolgimento con il calciobalilla ed hanno mostrato gradimento e soddisfazione per i risultati ottenuti.<\/p>\n\n\n\n<p>Nelle pause pranzo e terminato l\u2019orario scolastico \u00e8 sempre pi\u00f9 sovente trovare il calciobalilla occupato e spesso si deve fare la \u00abfila\u00bb per fare una semplice partita.<\/p>\n\n\n\n<p>Giocare con intensit\u00e0 fa bruciare tante calorie e il Prof Rodio , responsabile scientifico del SEPlab dell\u2019Universit\u00e0 degli studi di Cassino (Fr), a seguito di una serie di misure con strumenti specifici, ha dichiarato che se un individuo praticasse non meno di 45 minuti di gioco al giorno, 5 volte a settimana, soddisferebbe quanto indicato nelle linee guida dell\u2019ACSM, ovvero di praticare esercizio fisico per una spesa energetica totale per settimana pari a 1500 kcal. Camminare in salita par 20 minuti, in termini di consumo energetico equivale a 45 minuti di gioco intenso a calciobalilla.<\/p>\n\n\n\n<p class=\"has-text-align-left\">Altra caratteristica \u00e8 quella di stimolare il gioco di squadra e la socializzazione, senza tralasciare l\u2019opportunit\u00e0 che ogni giocatore ha, di scaricare lo stress accumulato con il movimento e il gioco stesso.<\/p>\n\n\n\n<p class=\"has-text-align-center\"><strong>FIGEST CALCIOBALILLA\u00a0 \u2013 IL PERCORSO DI SPECIALITA\u2019<\/strong><\/p>\n\n\n\n<p>Il 19 Gennaio 2021, in occasione del riunione della Giunta Coni, le variazioni dello statuto Figest sono state approvate e per il calcio balilla parte ufficialmente il percorso sportivo.In data 8 maggio 2021, presso il salone d\u2019onore del Coni, si \u00e8 tenuto il Consiglio Federale Figest, e con l\u2019occasione si \u00e8 stati onorati della Presenza del Presidente del Coni Giovanni Malag\u00f2.A Maggio 2022 la specialit\u00e0 del calciobalilla viene ufficialmente riconosciuta come Sport ed \u00e8 la 371\u00b0discilipina inserita nel registro delle discipline Sportive Coni .<\/p>\n\n\n\n<figure class=\"wp-block-image size-large\"><img loading=\"lazy\" decoding=\"async\" width=\"1024\" height=\"358\" src=\"https:\/\/www.figestcalciobalilla.it\/wp-content\/uploads\/2025\/04\/image-2-1024x358.png\" alt=\"\" class=\"wp-image-8435\" srcset=\"https:\/\/www.figestcalciobalilla.it\/wp-content\/uploads\/2025\/04\/image-2-1024x358.png 1024w, https:\/\/www.figestcalciobalilla.it\/wp-content\/uploads\/2025\/04\/image-2-300x105.png 300w, https:\/\/www.figestcalciobalilla.it\/wp-content\/uploads\/2025\/04\/image-2-768x268.png 768w, https:\/\/www.figestcalciobalilla.it\/wp-content\/uploads\/2025\/04\/image-2.png 1039w\" sizes=\"auto, (max-width: 1024px) 100vw, 1024px\" \/><\/figure>\n\n\n\n<p><\/p>\n","protected":false},"excerpt":{"rendered":"<p>A fine marzo 2019, Il Presidente Casadidio, preso atto della volont\u00e0 dei diversi interessati all\u2019apertura e al riconoscimento del settore, ha incassato il parere favorevole e la fiducia, da parte del Presidente del Coni Giovanni Malag\u00f2, per iniziare ufficialmente un percorso di riconoscimento sportivo per regolarizzare il gioco del calciobalilla. Una data importantissima per la [&hellip;]<\/p>\n","protected":false},"author":3,"featured_media":0,"parent":0,"menu_order":0,"comment_status":"closed","ping_status":"closed","template":"","meta":{"footnotes":""},"class_list":["post-8243","page","type-page","status-publish","hentry"],"_links":{"self":[{"href":"https:\/\/www.figestcalciobalilla.it\/index.php?rest_route=\/wp\/v2\/pages\/8243","targetHints":{"allow":["GET"]}}],"collection":[{"href":"https:\/\/www.figestcalciobalilla.it\/index.php?rest_route=\/wp\/v2\/pages"}],"about":[{"href":"https:\/\/www.figestcalciobalilla.it\/index.php?rest_route=\/wp\/v2\/types\/page"}],"author":[{"embeddable":true,"href":"https:\/\/www.figestcalciobalilla.it\/index.php?rest_route=\/wp\/v2\/users\/3"}],"replies":[{"embeddable":true,"href":"https:\/\/www.figestcalciobalilla.it\/index.php?rest_route=%2Fwp%2Fv2%2Fcomments&post=8243"}],"version-history":[{"count":7,"href":"https:\/\/www.figestcalciobalilla.it\/index.php?rest_route=\/wp\/v2\/pages\/8243\/revisions"}],"predecessor-version":[{"id":8431,"href":"https:\/\/www.figestcalciobalilla.it\/index.php?rest_route=\/wp\/v2\/pages\/8243\/revisions\/8431"}],"wp:attachment":[{"href":"https:\/\/www.figestcalciobalilla.it\/index.php?rest_route=%2Fwp%2Fv2%2Fmedia&parent=8243"}],"curies":[{"name":"wp","href":"https:\/\/api.w.org\/{rel}","templated":true}]}}